{"id":1530,"date":"2023-08-01T21:32:07","date_gmt":"2023-08-01T21:32:07","guid":{"rendered":"https:\/\/psicologospaiva.com.br\/site\/?page_id=1530"},"modified":"2023-08-01T21:35:19","modified_gmt":"2023-08-01T21:35:19","slug":"jose","status":"publish","type":"page","link":"https:\/\/psicologospaiva.com.br\/site\/index.php\/jose\/","title":{"rendered":"Jos\u00e9"},"content":{"rendered":"\t\t<div data-elementor-type=\"wp-page\" data-elementor-id=\"1530\" class=\"elementor elementor-1530\" data-elementor-post-type=\"page\">\n\t\t\t\t\t\t<section class=\"elementor-section elementor-top-section elementor-element elementor-element-82ce117 elementor-section-boxed elementor-section-height-default elementor-section-height-default\" data-id=\"82ce117\" data-element_type=\"section\" data-e-type=\"section\" data-settings=\"{&quot;background_background&quot;:&quot;classic&quot;}\">\n\t\t\t\t\t\t<div class=\"elementor-container elementor-column-gap-default\">\n\t\t\t\t\t<div class=\"elementor-column elementor-col-100 elementor-top-column elementor-element elementor-element-34c271e\" data-id=\"34c271e\" data-element_type=\"column\" data-e-type=\"column\">\n\t\t\t<div class=\"elementor-widget-wrap elementor-element-populated\">\n\t\t\t\t\t\t<section class=\"elementor-section elementor-inner-section elementor-element elementor-element-06c5bb6 elementor-section-boxed elementor-section-height-default elementor-section-height-default\" data-id=\"06c5bb6\" data-element_type=\"section\" data-e-type=\"section\">\n\t\t\t\t\t\t<div class=\"elementor-container elementor-column-gap-default\">\n\t\t\t\t\t<div class=\"elementor-column elementor-col-100 elementor-inner-column elementor-element elementor-element-541330c\" data-id=\"541330c\" data-element_type=\"column\" data-e-type=\"column\">\n\t\t\t<div class=\"elementor-widget-wrap elementor-element-populated\">\n\t\t\t\t\t\t<div class=\"elementor-element elementor-element-3cc8c26 elementor-widget elementor-widget-heading\" data-id=\"3cc8c26\" data-element_type=\"widget\" data-e-type=\"widget\" data-widget_type=\"heading.default\">\n\t\t\t\t<div class=\"elementor-widget-container\">\n\t\t\t\t\t<h2 class=\"elementor-heading-title elementor-size-default\">Jos\u00e9 Paiva<\/h2>\t\t\t\t<\/div>\n\t\t\t\t<\/div>\n\t\t\t\t\t<\/div>\n\t\t<\/div>\n\t\t\t\t\t<\/div>\n\t\t<\/section>\n\t\t\t\t<section class=\"elementor-section elementor-inner-section elementor-element elementor-element-9320938 elementor-section-boxed elementor-section-height-default elementor-section-height-default\" data-id=\"9320938\" data-element_type=\"section\" data-e-type=\"section\">\n\t\t\t\t\t\t<div class=\"elementor-container elementor-column-gap-default\">\n\t\t\t\t\t<div class=\"elementor-column elementor-col-100 elementor-inner-column elementor-element elementor-element-d1f6fc2\" data-id=\"d1f6fc2\" data-element_type=\"column\" data-e-type=\"column\">\n\t\t\t<div class=\"elementor-widget-wrap elementor-element-populated\">\n\t\t\t\t\t\t<div class=\"elementor-element elementor-element-09ec229 elementor-widget elementor-widget-heading\" data-id=\"09ec229\" data-element_type=\"widget\" data-e-type=\"widget\" data-widget_type=\"heading.default\">\n\t\t\t\t<div class=\"elementor-widget-container\">\n\t\t\t\t\t<h2 class=\"elementor-heading-title elementor-size-default\">Psic\u00f3logo e Neuropsic\u00f3logo, CFP 06\/25533<\/h2>\t\t\t\t<\/div>\n\t\t\t\t<\/div>\n\t\t\t\t\t<\/div>\n\t\t<\/div>\n\t\t\t\t\t<\/div>\n\t\t<\/section>\n\t\t\t\t\t<\/div>\n\t\t<\/div>\n\t\t\t\t\t<\/div>\n\t\t<\/section>\n\t\t\t\t<section class=\"elementor-section elementor-top-section elementor-element elementor-element-83cf889 elementor-section-boxed elementor-section-height-default elementor-section-height-default\" data-id=\"83cf889\" data-element_type=\"section\" data-e-type=\"section\">\n\t\t\t\t\t\t<div class=\"elementor-container elementor-column-gap-default\">\n\t\t\t\t\t<div class=\"elementor-column elementor-col-100 elementor-top-column elementor-element elementor-element-f4db24d\" data-id=\"f4db24d\" data-element_type=\"column\" data-e-type=\"column\">\n\t\t\t<div class=\"elementor-widget-wrap elementor-element-populated\">\n\t\t\t\t\t\t<div class=\"elementor-element elementor-element-84f9fde elementor-widget elementor-widget-text-editor\" data-id=\"84f9fde\" data-element_type=\"widget\" data-e-type=\"widget\" data-widget_type=\"text-editor.default\">\n\t\t\t\t<div class=\"elementor-widget-container\">\n\t\t\t\t\t\t\t\t\t<p>Atendimento presencial e on-line, com adultos, adolescentes e crian\u00e7as, no tratamento de Depress\u00e3o; D\u00e9ficit de Aten\u00e7\u00e3o com e sem Hiperatividade; TEA \u2013 Transtorno do Espectro Autista; Esquizofrenia; Bipolaridade; Ansiedade; Transtorno Obsessivo Compulsivo; Distimia; S\u00edndrome do P\u00e2nico; Fobias; Transtornos Alimentares; S\u00edndrome de Burnoute; Transtorno de conduta; Borderline e outros.<\/p><p>Atendimento de casais e fam\u00edlias.<\/p><p>Avalia\u00e7\u00e3o Neuropsicol\u00f3gica: aplica\u00e7\u00e3o, avalia\u00e7\u00e3o, an\u00e1lise, orienta\u00e7\u00f5es frente ao resultado, com relat\u00f3rio escrito e comentado.<\/p><p>Palestrante: primeiro emprego e escolha do curso superior; rel. familiar e conjugal.<\/p>\t\t\t\t\t\t\t\t<\/div>\n\t\t\t\t<\/div>\n\t\t\t\t\t<\/div>\n\t\t<\/div>\n\t\t\t\t\t<\/div>\n\t\t<\/section>\n\t\t\t\t<\/div>\n\t\t","protected":false},"excerpt":{"rendered":"<p>Jos\u00e9 Paiva Psic\u00f3logo e Neuropsic\u00f3logo, CFP 06\/25533 Atendimento presencial e on-line, com adultos, adolescentes e crian\u00e7as, no tratamento de Depress\u00e3o; D\u00e9ficit de Aten\u00e7\u00e3o com e sem Hiperatividade; TEA \u2013 Transtorno do Espectro Autista; Esquizofrenia; Bipolaridade; Ansiedade; Transtorno Obsessivo Compulsivo; Distimia; S\u00edndrome do P\u00e2nico; Fobias; Transtornos Alimentares; S\u00edndrome de Burnoute; Transtorno de conduta; Borderline e outros. [&hellip;]<\/p>\n","protected":false},"author":1,"featured_media":0,"parent":0,"menu_order":0,"comment_status":"closed","ping_status":"closed","template":"elementor_header_footer","meta":{"footnotes":""},"class_list":["post-1530","page","type-page","status-publish","hentry"],"_links":{"self":[{"href":"https:\/\/psicologospaiva.com.br\/site\/index.php\/wp-json\/wp\/v2\/pages\/1530","targetHints":{"allow":["GET"]}}],"collection":[{"href":"https:\/\/psicologospaiva.com.br\/site\/index.php\/wp-json\/wp\/v2\/pages"}],"about":[{"href":"https:\/\/psicologospaiva.com.br\/site\/index.php\/wp-json\/wp\/v2\/types\/page"}],"author":[{"embeddable":true,"href":"https:\/\/psicologospaiva.com.br\/site\/index.php\/wp-json\/wp\/v2\/users\/1"}],"replies":[{"embeddable":true,"href":"https:\/\/psicologospaiva.com.br\/site\/index.php\/wp-json\/wp\/v2\/comments?post=1530"}],"version-history":[{"count":4,"href":"https:\/\/psicologospaiva.com.br\/site\/index.php\/wp-json\/wp\/v2\/pages\/1530\/revisions"}],"predecessor-version":[{"id":1538,"href":"https:\/\/psicologospaiva.com.br\/site\/index.php\/wp-json\/wp\/v2\/pages\/1530\/revisions\/1538"}],"wp:attachment":[{"href":"https:\/\/psicologospaiva.com.br\/site\/index.php\/wp-json\/wp\/v2\/media?parent=1530"}],"curies":[{"name":"wp","href":"https:\/\/api.w.org\/{rel}","templated":true}]}}