{"id":1528,"date":"2023-08-01T21:32:16","date_gmt":"2023-08-01T21:32:16","guid":{"rendered":"https:\/\/psicologospaiva.com.br\/site\/?page_id=1528"},"modified":"2023-08-01T21:37:07","modified_gmt":"2023-08-01T21:37:07","slug":"clarice","status":"publish","type":"page","link":"https:\/\/psicologospaiva.com.br\/site\/index.php\/clarice\/","title":{"rendered":"Clarice"},"content":{"rendered":"\t\t<div data-elementor-type=\"wp-page\" data-elementor-id=\"1528\" class=\"elementor elementor-1528\" data-elementor-post-type=\"page\">\n\t\t\t\t\t\t<section class=\"elementor-section elementor-top-section elementor-element elementor-element-b97f511 elementor-section-boxed elementor-section-height-default elementor-section-height-default\" data-id=\"b97f511\" data-element_type=\"section\" data-e-type=\"section\" data-settings=\"{&quot;background_background&quot;:&quot;classic&quot;}\">\n\t\t\t\t\t\t<div class=\"elementor-container elementor-column-gap-default\">\n\t\t\t\t\t<div class=\"elementor-column elementor-col-100 elementor-top-column elementor-element elementor-element-57f5767\" data-id=\"57f5767\" data-element_type=\"column\" data-e-type=\"column\">\n\t\t\t<div class=\"elementor-widget-wrap elementor-element-populated\">\n\t\t\t\t\t\t<section class=\"elementor-section elementor-inner-section elementor-element elementor-element-bea32ea elementor-section-boxed elementor-section-height-default elementor-section-height-default\" data-id=\"bea32ea\" data-element_type=\"section\" data-e-type=\"section\">\n\t\t\t\t\t\t<div class=\"elementor-container elementor-column-gap-default\">\n\t\t\t\t\t<div class=\"elementor-column elementor-col-100 elementor-inner-column elementor-element elementor-element-91e3f8f\" data-id=\"91e3f8f\" data-element_type=\"column\" data-e-type=\"column\">\n\t\t\t<div class=\"elementor-widget-wrap elementor-element-populated\">\n\t\t\t\t\t\t<div class=\"elementor-element elementor-element-f08aa1b elementor-widget elementor-widget-heading\" data-id=\"f08aa1b\" data-element_type=\"widget\" data-e-type=\"widget\" data-widget_type=\"heading.default\">\n\t\t\t\t<div class=\"elementor-widget-container\">\n\t\t\t\t\t<h2 class=\"elementor-heading-title elementor-size-default\">Clarice Maria de Oliveira Paiva<\/h2>\t\t\t\t<\/div>\n\t\t\t\t<\/div>\n\t\t\t\t\t<\/div>\n\t\t<\/div>\n\t\t\t\t\t<\/div>\n\t\t<\/section>\n\t\t\t\t<section class=\"elementor-section elementor-inner-section elementor-element elementor-element-305c78a elementor-section-boxed elementor-section-height-default elementor-section-height-default\" data-id=\"305c78a\" data-element_type=\"section\" data-e-type=\"section\">\n\t\t\t\t\t\t<div class=\"elementor-container elementor-column-gap-default\">\n\t\t\t\t\t<div class=\"elementor-column elementor-col-100 elementor-inner-column elementor-element elementor-element-2659d9c\" data-id=\"2659d9c\" data-element_type=\"column\" data-e-type=\"column\">\n\t\t\t<div class=\"elementor-widget-wrap elementor-element-populated\">\n\t\t\t\t\t\t<div class=\"elementor-element elementor-element-d7ef398 elementor-widget elementor-widget-heading\" data-id=\"d7ef398\" data-element_type=\"widget\" data-e-type=\"widget\" data-widget_type=\"heading.default\">\n\t\t\t\t<div class=\"elementor-widget-container\">\n\t\t\t\t\t<h2 class=\"elementor-heading-title elementor-size-default\">Psic\u00f3loga e p\u00f3s-graduanda em Terapia Cognitiva Comportamental, CFP 06\/25532<\/h2>\t\t\t\t<\/div>\n\t\t\t\t<\/div>\n\t\t\t\t\t<\/div>\n\t\t<\/div>\n\t\t\t\t\t<\/div>\n\t\t<\/section>\n\t\t\t\t\t<\/div>\n\t\t<\/div>\n\t\t\t\t\t<\/div>\n\t\t<\/section>\n\t\t\t\t<section class=\"elementor-section elementor-top-section elementor-element elementor-element-7e4cfa6 elementor-section-boxed elementor-section-height-default elementor-section-height-default\" data-id=\"7e4cfa6\" data-element_type=\"section\" data-e-type=\"section\">\n\t\t\t\t\t\t<div class=\"elementor-container elementor-column-gap-default\">\n\t\t\t\t\t<div class=\"elementor-column elementor-col-100 elementor-top-column elementor-element elementor-element-15e6efe\" data-id=\"15e6efe\" data-element_type=\"column\" data-e-type=\"column\">\n\t\t\t<div class=\"elementor-widget-wrap elementor-element-populated\">\n\t\t\t\t\t\t<div class=\"elementor-element elementor-element-70c26a3 elementor-widget elementor-widget-text-editor\" data-id=\"70c26a3\" data-element_type=\"widget\" data-e-type=\"widget\" data-widget_type=\"text-editor.default\">\n\t\t\t\t<div class=\"elementor-widget-container\">\n\t\t\t\t\t\t\t\t\t<p>Atendimento presencial e on-line, com crian\u00e7as, adolescentes e adultos . Especialista em Ludoterapia. Orienta\u00e7\u00e3o aos pais quanto em rela\u00e7\u00e3o a educa\u00e7\u00e3o dos filhos. Forte atua\u00e7\u00e3o em dist\u00farbios alimentares, tais como: obesidade, anorexia, bulimia e outros.<br \/>Tecnica em Nutri\u00e7\u00e3o no Instituto de Infectologia Emilio Ribas, Hospital Geral S\u00e3o Mateus S\u00e3o Paulo \u2013 SP, atuando na \u00e1rea cl\u00ednica e produ\u00e7\u00e3o de refei\u00e7\u00f5es para funcion\u00e1rios, pacientes e seus acompanhantes, bem como supervis\u00e3o, acompanhamento, orienta\u00e7\u00e3o e treinamento da equipe de profissionais do servi\u00e7o de alimenta\u00e7\u00e3o.<\/p>\t\t\t\t\t\t\t\t<\/div>\n\t\t\t\t<\/div>\n\t\t\t\t\t<\/div>\n\t\t<\/div>\n\t\t\t\t\t<\/div>\n\t\t<\/section>\n\t\t\t\t<\/div>\n\t\t","protected":false},"excerpt":{"rendered":"<p>Clarice Maria de Oliveira Paiva Psic\u00f3loga e p\u00f3s-graduanda em Terapia Cognitiva Comportamental, CFP 06\/25532 Atendimento presencial e on-line, com crian\u00e7as, adolescentes e adultos . Especialista em Ludoterapia. Orienta\u00e7\u00e3o aos pais quanto em rela\u00e7\u00e3o a educa\u00e7\u00e3o dos filhos. Forte atua\u00e7\u00e3o em dist\u00farbios alimentares, tais como: obesidade, anorexia, bulimia e outros.Tecnica em Nutri\u00e7\u00e3o no Instituto de Infectologia [&hellip;]<\/p>\n","protected":false},"author":1,"featured_media":0,"parent":0,"menu_order":0,"comment_status":"closed","ping_status":"closed","template":"elementor_header_footer","meta":{"footnotes":""},"class_list":["post-1528","page","type-page","status-publish","hentry"],"_links":{"self":[{"href":"https:\/\/psicologospaiva.com.br\/site\/index.php\/wp-json\/wp\/v2\/pages\/1528","targetHints":{"allow":["GET"]}}],"collection":[{"href":"https:\/\/psicologospaiva.com.br\/site\/index.php\/wp-json\/wp\/v2\/pages"}],"about":[{"href":"https:\/\/psicologospaiva.com.br\/site\/index.php\/wp-json\/wp\/v2\/types\/page"}],"author":[{"embeddable":true,"href":"https:\/\/psicologospaiva.com.br\/site\/index.php\/wp-json\/wp\/v2\/users\/1"}],"replies":[{"embeddable":true,"href":"https:\/\/psicologospaiva.com.br\/site\/index.php\/wp-json\/wp\/v2\/comments?post=1528"}],"version-history":[{"count":4,"href":"https:\/\/psicologospaiva.com.br\/site\/index.php\/wp-json\/wp\/v2\/pages\/1528\/revisions"}],"predecessor-version":[{"id":1541,"href":"https:\/\/psicologospaiva.com.br\/site\/index.php\/wp-json\/wp\/v2\/pages\/1528\/revisions\/1541"}],"wp:attachment":[{"href":"https:\/\/psicologospaiva.com.br\/site\/index.php\/wp-json\/wp\/v2\/media?parent=1528"}],"curies":[{"name":"wp","href":"https:\/\/api.w.org\/{rel}","templated":true}]}}